{"id":73,"date":"2016-01-20T14:50:05","date_gmt":"2016-01-20T14:50:05","guid":{"rendered":"http:\/\/audited.com.py\/v1\/?page_id=73"},"modified":"2016-01-20T14:50:05","modified_gmt":"2016-01-20T14:50:05","slug":"gustavo-adolfo-insaurralde-molas","status":"publish","type":"page","link":"https:\/\/audited.com.py\/v1\/gustavo-adolfo-insaurralde-molas\/","title":{"rendered":"Gustavo Adolfo Insaurralde Molas"},"content":{"rendered":"<p>Magister en Auditoria Integral (Mgs.) Universidad Nacional de Asunci\u00f3n. UNA.-<br \/>\nLicenciado en Ciencias Contables &#8211; Universidad Cat\u00f3lica Nuestra Se\u00f1ora de la Asunci\u00f3n UCA.-<br \/>\nRealizo cursos sobre conferencia de Gestores de la Calidad ISO 9001, 2008 y Auditores de Calidad ISO 9001;2008.-<br \/>\nConsultor y contador para cooperativas, ONG, empresas constructoras, comerciales y de servicios del sector privado ya sea en procesos internos de organizaci\u00f3n y m\u00e9todos, como en implementaci\u00f3n de sistemas de contabilidad y gesti\u00f3n en un ambiente integrado.<\/p>\n","protected":false},"excerpt":{"rendered":"<p>Magister en Auditoria Integral (Mgs.) Universidad Nacional de Asunci\u00f3n. UNA.- Licenciado en Ciencias Contables &#8211; Universidad Cat\u00f3lica Nuestra Se\u00f1ora de la Asunci\u00f3n UCA.- Realizo cursos sobre conferencia de Gestores de la Calidad ISO 9001, 2008 y Auditores de Calidad ISO 9001;2008.- Consultor y contador para cooperativas, ONG, empresas constructoras, comerciales y de servicios del sector [&hellip;]<\/p>\n","protected":false},"author":1,"featured_media":0,"parent":0,"menu_order":0,"comment_status":"closed","ping_status":"closed","template":"","meta":{"footnotes":"","_links_to":"","_links_to_target":""},"class_list":["post-73","page","type-page","status-publish","hentry"],"_links":{"self":[{"href":"https:\/\/audited.com.py\/v1\/wp-json\/wp\/v2\/pages\/73","targetHints":{"allow":["GET"]}}],"collection":[{"href":"https:\/\/audited.com.py\/v1\/wp-json\/wp\/v2\/pages"}],"about":[{"href":"https:\/\/audited.com.py\/v1\/wp-json\/wp\/v2\/types\/page"}],"author":[{"embeddable":true,"href":"https:\/\/audited.com.py\/v1\/wp-json\/wp\/v2\/users\/1"}],"replies":[{"embeddable":true,"href":"https:\/\/audited.com.py\/v1\/wp-json\/wp\/v2\/comments?post=73"}],"version-history":[{"count":1,"href":"https:\/\/audited.com.py\/v1\/wp-json\/wp\/v2\/pages\/73\/revisions"}],"predecessor-version":[{"id":74,"href":"https:\/\/audited.com.py\/v1\/wp-json\/wp\/v2\/pages\/73\/revisions\/74"}],"wp:attachment":[{"href":"https:\/\/audited.com.py\/v1\/wp-json\/wp\/v2\/media?parent=73"}],"curies":[{"name":"wp","href":"https:\/\/api.w.org\/{rel}","templated":true}]}}