{"id":71,"date":"2016-01-20T14:49:29","date_gmt":"2016-01-20T14:49:29","guid":{"rendered":"http:\/\/audited.com.py\/v1\/?page_id=71"},"modified":"2016-01-20T14:49:29","modified_gmt":"2016-01-20T14:49:29","slug":"carmen-elizabeth-avalos-gomez","status":"publish","type":"page","link":"https:\/\/audited.com.py\/v1\/carmen-elizabeth-avalos-gomez\/","title":{"rendered":"Carmen Elizabeth Avalos G\u00f3mez"},"content":{"rendered":"<p>Magister en Auditoria Integral (Mgs.) Universidad Nacional de Asunci\u00f3n. UNA.-<br \/>\nLicenciada en Ciencias Contables &#8211; Universidad Cat\u00f3lica Nuestra Se\u00f1ora de la Asunci\u00f3n UCA.-<br \/>\nDiplomado Internacional en Prevenci\u00f3n y Control del Riesgo del Lavado de Activos y Financiaci\u00f3n del Terrorismo SEPRELAD \u2013 MOORE STEPHENS-2014.<br \/>\nConsultor y contador para cooperativas, ONG, empresas constructoras, comerciales y de servicios del sector privado ya sea en procesos internos de organizaci\u00f3n y m\u00e9todos, como en implementaci\u00f3n de sistemas de contabilidad y gesti\u00f3n en un ambiente integrado.<\/p>\n","protected":false},"excerpt":{"rendered":"<p>Magister en Auditoria Integral (Mgs.) Universidad Nacional de Asunci\u00f3n. UNA.- Licenciada en Ciencias Contables &#8211; Universidad Cat\u00f3lica Nuestra Se\u00f1ora de la Asunci\u00f3n UCA.- Diplomado Internacional en Prevenci\u00f3n y Control del Riesgo del Lavado de Activos y Financiaci\u00f3n del Terrorismo SEPRELAD \u2013 MOORE STEPHENS-2014. Consultor y contador para cooperativas, ONG, empresas constructoras, comerciales y de servicios [&hellip;]<\/p>\n","protected":false},"author":1,"featured_media":0,"parent":0,"menu_order":0,"comment_status":"closed","ping_status":"closed","template":"","meta":{"footnotes":"","_links_to":"","_links_to_target":""},"class_list":["post-71","page","type-page","status-publish","hentry"],"_links":{"self":[{"href":"https:\/\/audited.com.py\/v1\/wp-json\/wp\/v2\/pages\/71","targetHints":{"allow":["GET"]}}],"collection":[{"href":"https:\/\/audited.com.py\/v1\/wp-json\/wp\/v2\/pages"}],"about":[{"href":"https:\/\/audited.com.py\/v1\/wp-json\/wp\/v2\/types\/page"}],"author":[{"embeddable":true,"href":"https:\/\/audited.com.py\/v1\/wp-json\/wp\/v2\/users\/1"}],"replies":[{"embeddable":true,"href":"https:\/\/audited.com.py\/v1\/wp-json\/wp\/v2\/comments?post=71"}],"version-history":[{"count":1,"href":"https:\/\/audited.com.py\/v1\/wp-json\/wp\/v2\/pages\/71\/revisions"}],"predecessor-version":[{"id":72,"href":"https:\/\/audited.com.py\/v1\/wp-json\/wp\/v2\/pages\/71\/revisions\/72"}],"wp:attachment":[{"href":"https:\/\/audited.com.py\/v1\/wp-json\/wp\/v2\/media?parent=71"}],"curies":[{"name":"wp","href":"https:\/\/api.w.org\/{rel}","templated":true}]}}